{"id":14835,"date":"2025-09-14T14:04:17","date_gmt":"2025-09-14T13:04:17","guid":{"rendered":"https:\/\/dlangbasketball.ch\/?post_type=product&#038;p=14835"},"modified":"2025-09-14T14:05:48","modified_gmt":"2025-09-14T13:05:48","slug":"camp-de-developpement-des-competences-et-des-techniques-copy","status":"publish","type":"product","link":"https:\/\/dlangbasketball.ch\/fr\/product\/camp-de-developpement-des-competences-et-des-techniques-copy\/","title":{"rendered":"Camp XMAS"},"content":{"rendered":"","protected":false},"excerpt":{"rendered":"<p><strong><span style=\"color: #a6a6a6;\">Inscription au camp de basket local. Nous nous concentrons sur le d\u00e9veloppement des joueurs, en mettant l&rsquo;accent sur l&rsquo;apprentissage, la stimulation mentale et le d\u00e9veloppement physique tout en faisant \u00e9voluer les bases fondamentales. <\/span><\/strong><\/p>\n","protected":false},"featured_media":6062,"template":"","meta":{"ngg_post_thumbnail":0},"product_brand":[],"product_cat":[153],"product_tag":[],"class_list":{"0":"post-14835","1":"product","2":"type-product","3":"status-publish","4":"has-post-thumbnail","6":"product_cat-camps-fr","8":"first","9":"instock","10":"virtual","11":"sold-individually","12":"taxable","13":"purchasable","14":"product-type-simple"},"wcpa_form_fields":null,"_links":{"self":[{"href":"https:\/\/dlangbasketball.ch\/fr\/wp-json\/wp\/v2\/product\/14835","targetHints":{"allow":["GET"]}}],"collection":[{"href":"https:\/\/dlangbasketball.ch\/fr\/wp-json\/wp\/v2\/product"}],"about":[{"href":"https:\/\/dlangbasketball.ch\/fr\/wp-json\/wp\/v2\/types\/product"}],"wp:featuredmedia":[{"embeddable":true,"href":"https:\/\/dlangbasketball.ch\/fr\/wp-json\/wp\/v2\/media\/6062"}],"wp:attachment":[{"href":"https:\/\/dlangbasketball.ch\/fr\/wp-json\/wp\/v2\/media?parent=14835"}],"wp:term":[{"taxonomy":"product_brand","embeddable":true,"href":"https:\/\/dlangbasketball.ch\/fr\/wp-json\/wp\/v2\/product_brand?post=14835"},{"taxonomy":"product_cat","embeddable":true,"href":"https:\/\/dlangbasketball.ch\/fr\/wp-json\/wp\/v2\/product_cat?post=14835"},{"taxonomy":"product_tag","embeddable":true,"href":"https:\/\/dlangbasketball.ch\/fr\/wp-json\/wp\/v2\/product_tag?post=14835"}],"curies":[{"name":"wp","href":"https:\/\/api.w.org\/{rel}","templated":true}]}}