{"id":14833,"date":"2025-09-14T14:00:31","date_gmt":"2025-09-14T13:00:31","guid":{"rendered":"https:\/\/dlangbasketball.ch\/?post_type=product&#038;p=14833"},"modified":"2025-09-14T14:02:41","modified_gmt":"2025-09-14T13:02:41","slug":"camp-de-rentree-scolaire-copy","status":"publish","type":"product","link":"https:\/\/dlangbasketball.ch\/fr\/product\/camp-de-rentree-scolaire-copy\/","title":{"rendered":"Camp de d\u00e9veloppement des comp\u00e9tences et des techniques"},"content":{"rendered":"","protected":false},"excerpt":{"rendered":"<p><strong><span style=\"color: #a6a6a6;\">Inscription au camp de basket local. Nous nous concentrons sur le d\u00e9veloppement des joueurs, en mettant l&rsquo;accent sur l&rsquo;apprentissage, la stimulation mentale et le d\u00e9veloppement physique tout en faisant \u00e9voluer les bases fondamentales. <\/span><\/strong><\/p>\n","protected":false},"featured_media":6062,"template":"","meta":{"ngg_post_thumbnail":0},"product_brand":[],"product_cat":[153],"product_tag":[],"class_list":{"0":"post-14833","1":"product","2":"type-product","3":"status-publish","4":"has-post-thumbnail","6":"product_cat-camps-fr","8":"first","9":"instock","10":"virtual","11":"sold-individually","12":"taxable","13":"purchasable","14":"product-type-simple"},"wcpa_form_fields":null,"_links":{"self":[{"href":"https:\/\/dlangbasketball.ch\/fr\/wp-json\/wp\/v2\/product\/14833","targetHints":{"allow":["GET"]}}],"collection":[{"href":"https:\/\/dlangbasketball.ch\/fr\/wp-json\/wp\/v2\/product"}],"about":[{"href":"https:\/\/dlangbasketball.ch\/fr\/wp-json\/wp\/v2\/types\/product"}],"wp:featuredmedia":[{"embeddable":true,"href":"https:\/\/dlangbasketball.ch\/fr\/wp-json\/wp\/v2\/media\/6062"}],"wp:attachment":[{"href":"https:\/\/dlangbasketball.ch\/fr\/wp-json\/wp\/v2\/media?parent=14833"}],"wp:term":[{"taxonomy":"product_brand","embeddable":true,"href":"https:\/\/dlangbasketball.ch\/fr\/wp-json\/wp\/v2\/product_brand?post=14833"},{"taxonomy":"product_cat","embeddable":true,"href":"https:\/\/dlangbasketball.ch\/fr\/wp-json\/wp\/v2\/product_cat?post=14833"},{"taxonomy":"product_tag","embeddable":true,"href":"https:\/\/dlangbasketball.ch\/fr\/wp-json\/wp\/v2\/product_tag?post=14833"}],"curies":[{"name":"wp","href":"https:\/\/api.w.org\/{rel}","templated":true}]}}