{"id":12865,"date":"2025-01-16T07:42:16","date_gmt":"2025-01-16T06:42:16","guid":{"rendered":"https:\/\/dlangbasketball.ch\/product\/camp-de-printemps-nba\/"},"modified":"2025-01-16T07:42:16","modified_gmt":"2025-01-16T06:42:16","slug":"camp-de-printemps-nba","status":"publish","type":"product","link":"https:\/\/dlangbasketball.ch\/fr\/product\/camp-de-printemps-nba\/","title":{"rendered":"CAMP DE PRINTEMPS NBA"},"content":{"rendered":"<p>Si vous cherchez \u00e0 envoyer votre fils ou votre fille dans un programme de basketball instructif de la plus haute qualit\u00e9, ne cherchez pas plus loin. Bien plus qu&rsquo;un simple camp, l&rsquo;\u00c9cole de Basketball NBA est fi\u00e8re d&rsquo;offrir la meilleure formation en basketball et en comp\u00e9tences de vie disponible en Suisse. Notre programme a \u00e9t\u00e9 cr\u00e9\u00e9 pour offrir aux joueurs de tous \u00e2ges et de tous niveaux un environnement disciplin\u00e9, bien organis\u00e9 et enthousiaste, non seulement pour devenir un meilleur joueur&#8230; mais aussi une meilleure personne. En toute franchise,  <\/p>\n","protected":false},"excerpt":{"rendered":"<p>Si vous cherchez \u00e0 envoyer votre fils ou votre fille dans un programme de basketball instructif de la plus haute qualit\u00e9, ne cherchez pas plus loin. Bien plus qu&rsquo;un simple camp, l&rsquo;\u00c9cole de Basketball NBA est fi\u00e8re d&rsquo;offrir la meilleure formation en basketball et en comp\u00e9tences de vie disponible en Suisse. Notre programme a \u00e9t\u00e9&#8230;<\/p>\n","protected":false},"featured_media":5752,"template":"","meta":{"ngg_post_thumbnail":0},"product_brand":[],"product_cat":[158],"product_tag":[],"class_list":{"0":"post-12865","1":"product","2":"type-product","3":"status-publish","4":"has-post-thumbnail","6":"product_cat-camp-fr","8":"first","9":"instock","10":"taxable","11":"shipping-taxable","12":"purchasable","13":"product-type-variable"},"wcpa_form_fields":null,"_links":{"self":[{"href":"https:\/\/dlangbasketball.ch\/fr\/wp-json\/wp\/v2\/product\/12865","targetHints":{"allow":["GET"]}}],"collection":[{"href":"https:\/\/dlangbasketball.ch\/fr\/wp-json\/wp\/v2\/product"}],"about":[{"href":"https:\/\/dlangbasketball.ch\/fr\/wp-json\/wp\/v2\/types\/product"}],"wp:featuredmedia":[{"embeddable":true,"href":"https:\/\/dlangbasketball.ch\/fr\/wp-json\/wp\/v2\/media\/5752"}],"wp:attachment":[{"href":"https:\/\/dlangbasketball.ch\/fr\/wp-json\/wp\/v2\/media?parent=12865"}],"wp:term":[{"taxonomy":"product_brand","embeddable":true,"href":"https:\/\/dlangbasketball.ch\/fr\/wp-json\/wp\/v2\/product_brand?post=12865"},{"taxonomy":"product_cat","embeddable":true,"href":"https:\/\/dlangbasketball.ch\/fr\/wp-json\/wp\/v2\/product_cat?post=12865"},{"taxonomy":"product_tag","embeddable":true,"href":"https:\/\/dlangbasketball.ch\/fr\/wp-json\/wp\/v2\/product_tag?post=12865"}],"curies":[{"name":"wp","href":"https:\/\/api.w.org\/{rel}","templated":true}]}}