{"id":12864,"date":"2025-01-16T07:42:15","date_gmt":"2025-01-16T06:42:15","guid":{"rendered":"https:\/\/dlangbasketball.ch\/product\/camp-dun-jour\/"},"modified":"2025-01-16T07:42:15","modified_gmt":"2025-01-16T06:42:15","slug":"camp-dun-jour","status":"publish","type":"product","link":"https:\/\/dlangbasketball.ch\/fr\/product\/camp-dun-jour\/","title":{"rendered":"CAMP D&rsquo;UN JOUR"},"content":{"rendered":"<p>Si vous cherchez \u00e0 inscrire votre fils ou votre fille \u00e0 un programme de basketball p\u00e9dagogique de la plus haute qualit\u00e9, ne cherchez pas plus loin. Plus qu&rsquo;un simple camp, la NBA Basketball School est tr\u00e8s fi\u00e8re d&rsquo;offrir la meilleure formation de basketball et de comp\u00e9tences de vie disponible partout en Suisse. Notre programme a \u00e9t\u00e9 cr\u00e9\u00e9 pour offrir aux joueurs de tous \u00e2ges et de tous niveaux un environnement disciplin\u00e9, bien organis\u00e9 et enthousiaste pour non seulement devenir un meilleur joueur&#8230; mais une meilleure personne. Tr\u00e8s franchement,  <\/p>\n","protected":false},"excerpt":{"rendered":"<p>Si vous cherchez \u00e0 inscrire votre fils ou votre fille \u00e0 un programme de basketball p\u00e9dagogique de la plus haute qualit\u00e9, ne cherchez pas plus loin. Plus qu&rsquo;un simple camp, la NBA Basketball School est tr\u00e8s fi\u00e8re d&rsquo;offrir la meilleure formation de basketball et de comp\u00e9tences de vie disponible partout en Suisse. Notre programme a&#8230;<\/p>\n","protected":false},"featured_media":5747,"template":"","meta":{"ngg_post_thumbnail":0},"product_brand":[],"product_cat":[158],"product_tag":[],"class_list":{"0":"post-12864","1":"product","2":"type-product","3":"status-publish","4":"has-post-thumbnail","6":"product_cat-camp-fr","8":"first","9":"instock","10":"taxable","11":"shipping-taxable","12":"purchasable","13":"product-type-simple"},"wcpa_form_fields":null,"_links":{"self":[{"href":"https:\/\/dlangbasketball.ch\/fr\/wp-json\/wp\/v2\/product\/12864","targetHints":{"allow":["GET"]}}],"collection":[{"href":"https:\/\/dlangbasketball.ch\/fr\/wp-json\/wp\/v2\/product"}],"about":[{"href":"https:\/\/dlangbasketball.ch\/fr\/wp-json\/wp\/v2\/types\/product"}],"wp:featuredmedia":[{"embeddable":true,"href":"https:\/\/dlangbasketball.ch\/fr\/wp-json\/wp\/v2\/media\/5747"}],"wp:attachment":[{"href":"https:\/\/dlangbasketball.ch\/fr\/wp-json\/wp\/v2\/media?parent=12864"}],"wp:term":[{"taxonomy":"product_brand","embeddable":true,"href":"https:\/\/dlangbasketball.ch\/fr\/wp-json\/wp\/v2\/product_brand?post=12864"},{"taxonomy":"product_cat","embeddable":true,"href":"https:\/\/dlangbasketball.ch\/fr\/wp-json\/wp\/v2\/product_cat?post=12864"},{"taxonomy":"product_tag","embeddable":true,"href":"https:\/\/dlangbasketball.ch\/fr\/wp-json\/wp\/v2\/product_tag?post=12864"}],"curies":[{"name":"wp","href":"https:\/\/api.w.org\/{rel}","templated":true}]}}