{"id":12714,"date":"2025-04-01T00:16:03","date_gmt":"2025-03-31T23:16:03","guid":{"rendered":"https:\/\/dlangbasketball.ch\/product\/camp-de-printemps-filles-uniquement\/"},"modified":"2025-07-15T01:21:41","modified_gmt":"2025-07-15T00:21:41","slug":"camp-de-printemps-filles-uniquement","status":"publish","type":"product","link":"https:\/\/dlangbasketball.ch\/fr\/product\/camp-de-printemps-filles-uniquement\/","title":{"rendered":"CAMP DE PRINTEMPS &#8211; FILLES UNIQUEMENT"},"content":{"rendered":"","protected":false},"excerpt":{"rendered":"<p><strong><span style=\"color: #a6a6a6;\">Pr\u00e9parez-vous pour une exp\u00e9rience de basketball enrichissante au Camp de Basketball FILLES UNIQUEMENT ! Mettez en valeur vos comp\u00e9tences devant des entra\u00eeneurs de haut niveau tout en am\u00e9liorant votre jeu dans un environnement bienveillant. Notre \u00e9v\u00e9nement se concentre sur le d\u00e9veloppement des comp\u00e9tences, la visibilit\u00e9 et la comp\u00e9tition, aidant les athl\u00e8tes f\u00e9minines de tous niveaux \u00e0 s&rsquo;am\u00e9liorer et \u00e0 progresser.  <\/span><\/strong><\/p>\n<p>Veuillez lire les <b><a href=\"https:\/\/dlangtraining.ch\/wp-content\/uploads\/2024\/03\/Cancelation-form-at-Dlang-Training-Academy-Camps.pdf\">conditions d&rsquo;annulation<\/a><\/b><\/p>\n","protected":false},"featured_media":6062,"template":"","meta":{"ngg_post_thumbnail":0},"product_brand":[],"product_cat":[153],"product_tag":[],"class_list":{"0":"post-12714","1":"product","2":"type-product","3":"status-publish","4":"has-post-thumbnail","6":"product_cat-camps-fr","7":"wcpa_has_options","9":"first","10":"instock","11":"virtual","12":"sold-individually","13":"taxable","14":"purchasable","15":"product-type-simple"},"wcpa_form_fields":{"wcpaData":{"product":{"product_price":300,"price_html":"<span class=\"woocommerce-Price-amount amount\"><bdi><span class=\"woocommerce-Price-currencySymbol\">&#67;&#72;&#70;<\/span>&nbsp;300.00<\/bdi><\/span>","original_product_price":300,"price_including_tax":300,"price_excluding_tax":300,"product_id":{"parent":12714,"variation":false},"is_variable":false,"stock_status":"instock","stock_quantity":null,"parent_sku":"","product_attributes":[],"custom_fields":[],"is_taxable":true,"product_name":"CAMP DE PRINTEMPS - FILLES UNIQUEMENT","hasImage":false},"fields":{"sec_867f8498d6f5ff":{"extra":{"key":"sec_867f8498d6f5ff","section_id":"sec_867f8498d6f5ff","name":"Default","status":1,"toggle":true,"form_id":12673,"form_rules":{"exclude_from_discount":false,"fee_label":"Fee","disp_hide_options_price":false,"disp_show_section_price":false,"disp_show_field_price":true,"layout_option":"standard","pric_use_as_fee":false,"process_fee_as":"custom"},"layout_option":"standard"},"fields":[[{"active":true,"col":6,"relations":false,"cl_rule":"show","enableCl":false,"price":"","enablePrice":false,"className":"","type":"select","required":true,"elementId":"select_567f8498d6f612","label":"Stay Time","name":"select_567f8498d6f612","values":[{"label":"DAY","value":"day","selected":false,"tempId":"aco_107","gt_translate_keys":["label"]},{"label":"OVERNIGHT","value":"Overnight","selected":false,"tempId":"aco_108","gt_translate_keys":["label"]}],"error":false,"repeater_field_label":"{field_label}","quantity_label":"Quantity","gt_translate_keys":["label","repeater_field_label","quantity_label"],"price_dependency":false,"cl_dependency":["select-5125143325","select-5399795632"],"value":""}],[{"label":"DAY","active":true,"required":true,"elementId":"select-5125143325","placeholder":"","name":"select-5125143325","className":"","enableCl":true,"relations":[{"operator":false,"rules":[{"operator":"AND","rules":{"cl_field":"select_567f8498d6f612","cl_relation":"is","cl_val":"day"}}]}],"values":[{"label":"2 Days","value":"2-Days","selected":false,"tempId":"aco_19","price":"300","gt_translate_keys":["label"]},{"label":"3 Days","value":"3-Days","selected":false,"tempId":"aco_107","price":"350","gt_translate_keys":["label"]},{"label":"4 Days","value":"4-Days","selected":false,"tempId":"aco_108","price":"450","gt_translate_keys":["label"]},{"label":"5 Days","value":"5-Days","selected":false,"tempId":"aco_188","price":"550","gt_translate_keys":["label"]}],"cl_rule":"show","col":6,"type":"select","error":false,"dropdown_type":"basic","enablePrice":true,"priceOptions":"different_for_all","pricingType":"fixed","isWeightTemplate":false,"isTemplate":false,"min_quantity":"1","quantity_decimal":false,"quantity_step":"1","quantity_label":"Quantity","repeater_field_label":"{field_label}","repeater_bind":"","gt_translate_keys":["label","placeholder","repeater_field_label","quantity_label"],"price_dependency":false,"cl_dependency":false,"value":""}],[{"label":"OVERNIGHT","active":true,"required":true,"elementId":"select-5399795632","placeholder":"","name":"select-5399795632","className":"","enableCl":true,"relations":[{"operator":false,"rules":[{"operator":"AND","rules":{"cl_field":"select_567f8498d6f612","cl_relation":"is","cl_val":"Overnight"}}]}],"values":[{"label":"3 Nights","value":"3-Days","selected":false,"tempId":"aco_107","price":"500","gt_translate_keys":["label"]},{"label":"4 Nights","value":"4-Days","selected":false,"tempId":"aco_108","price":"700","gt_translate_keys":["label"]}],"cl_rule":"show","col":6,"type":"select","error":false,"enablePrice":true,"priceOptions":"different_for_all","pricingType":"fixed","repeater_field_label":"{field_label}","quantity_label":"Quantity","gt_translate_keys":["label","placeholder","repeater_field_label","quantity_label"],"price_dependency":false,"cl_dependency":false,"value":""}],[{"active":true,"col":3,"relations":false,"cl_rule":"show","enableCl":false,"price":"","enablePrice":false,"className":"","type":"text","subtype":"text","required":true,"elementId":"text_467f8498d6f61b","label":"First Name","name":"text_467f8498d6f61b","value":"","error":false,"gt_translate_keys":["label","value"],"price_dependency":false,"cl_dependency":false},{"label":"Last Name","active":true,"required":true,"elementId":"text_567f8498d6f622","value":"","name":"text_567f8498d6f622","className":"","enableCl":false,"relations":false,"subtype":"text","cl_rule":"show","col":3,"type":"text","error":false,"gt_translate_keys":["label","value"],"price_dependency":false,"cl_dependency":false}],[{"active":true,"col":3,"relations":false,"cl_rule":"show","enableCl":false,"price":"","enablePrice":false,"className":"","type":"email","required":true,"elementId":"email_767f8498d6f62a","label":"Email","name":"email_767f8498d6f62a","value":"","error":false,"gt_translate_keys":["label","value"],"price_dependency":false,"cl_dependency":false},{"label":"AVS Number","active":true,"required":false,"elementId":"text_567f8498d6f630","value":"","name":"text_567f8498d6f630","className":"","enableCl":false,"relations":false,"subtype":"text","cl_rule":"show","col":3,"type":"text","error":false,"gt_translate_keys":["label","value"],"price_dependency":false,"cl_dependency":false}],[{"active":true,"col":3,"relations":false,"cl_rule":"show","enableCl":false,"price":"","enablePrice":false,"className":"","type":"select","required":false,"elementId":"select_167f8498d6f636","label":"Gender","name":"select_167f8498d6f636","values":[{"label":"Female","value":"Female","selected":false,"tempId":"aco_1231","gt_translate_keys":["label"]}],"error":false,"gt_translate_keys":["label"],"price_dependency":false,"cl_dependency":false,"value":""},{"label":"Shirt Size","active":true,"required":false,"elementId":"select_967f8498d6f63c","name":"select_967f8498d6f63c","className":"","enableCl":false,"relations":false,"values":[{"label":"Child Small","value":"Child Small","selected":false,"tempId":"aco_1231","gt_translate_keys":["label"]},{"label":"Child Medium","value":"Child Medium","selected":false,"tempId":"aco_1232","gt_translate_keys":["label"]},{"label":"Child Large","value":"Child Large","selected":false,"tempId":"aco_1233","gt_translate_keys":["label"]},{"label":"Small","value":"Small","selected":false,"tempId":"aco_1684","gt_translate_keys":["label"]},{"label":"Medium","value":"Medium","selected":false,"tempId":"aco_1691","gt_translate_keys":["label"]},{"label":"Large","value":"Large","selected":false,"tempId":"aco_1698","gt_translate_keys":["label"]}],"cl_rule":"show","col":3,"type":"select","error":false,"gt_translate_keys":["label"],"price_dependency":false,"cl_dependency":false,"value":""}],[{"active":true,"col":3,"relations":false,"cl_rule":"show","enableCl":false,"price":"","enablePrice":false,"className":"","type":"date","required":true,"elementId":"date_967f8498d6f642","name":"date_967f8498d6f642","label":"Birthdate","picker_type":"custom","picker_mode":"single","error":false,"gt_translate_keys":["label"],"price_dependency":false,"cl_dependency":false,"value":""},{"active":true,"col":3,"relations":false,"cl_rule":"show","enableCl":false,"price":"","enablePrice":false,"className":"","type":"text","subtype":"text","required":false,"elementId":"text_767f8498d6f647","label":"School\/Club","name":"text_767f8498d6f647","value":"","error":false,"gt_translate_keys":["label","value"],"price_dependency":false,"cl_dependency":false}],[{"active":true,"col":6,"relations":false,"cl_rule":"show","enableCl":false,"price":"","enablePrice":false,"className":"","type":"select","required":false,"elementId":"select_567f8498d6f64d","label":"Level","name":"select_567f8498d6f64d","values":[{"label":"Beginner","value":"Beginner","selected":false,"tempId":"aco_2074","gt_translate_keys":["label"]},{"label":"Intermediate","value":"Intermediate","selected":false,"tempId":"aco_2075","gt_translate_keys":["label"]},{"label":"Advanced","value":"Advanced","selected":false,"tempId":"aco_2076","gt_translate_keys":["label"]},{"label":"Competitive","value":"Competitive","selected":false,"tempId":"aco_2137","gt_translate_keys":["label"]}],"error":false,"gt_translate_keys":["label"],"price_dependency":false,"cl_dependency":false,"value":""}],[{"active":true,"col":6,"relations":false,"cl_rule":"show","enableCl":false,"price":"","enablePrice":false,"className":"","type":"textarea","required":false,"elementId":"textarea_767f8498d6f654","label":"Comments (Dates allergies etc)","name":"textarea_767f8498d6f654","value":"","rows":2,"error":false,"gt_translate_keys":["label","value"],"price_dependency":false,"cl_dependency":false}],[{"active":true,"col":6,"relations":false,"cl_rule":"show","enableCl":false,"price":"","enablePrice":false,"className":"","type":"content","required":false,"elementId":"content_567f8498d6f65a","label":"","name":"content_567f8498d6f65a","contentType":"plain","value":"Please Read <b><a href=\"https:\/\/dlangbasketball.ch\/wp-content\/uploads\/2025\/06\/Cancelation-form-at-Dlang-Training-Academy-Camps.pdf\">Cancellation Policy<\/a><\/b>","error":false,"subtype":"p","gt_translate_keys":["label","value"],"price_dependency":false,"cl_dependency":false}]]}},"config":{"price_override":"always","enable_recaptcha":false,"bind_quantity":false,"quantity_bind_formula":false,"disp_summ_show_option_price":true,"disp_summ_show_product_price":false,"disp_summ_show_total_price":true,"disp_summ_show_fee":false,"disp_summ_show_discount":false,"summary_title":"","options_total_label":"Options Price","total_label":"Total","options_product_label":"Product Price","fee_label":"Fee","discount_label":"Discount","has_price":true,"has_quantity_formula":false},"mc_unit":1,"tax_rate":1,"tax_rate_real":0,"discount":{"percentage":0,"fixed":0},"design":{"conf":{"LabelPosition":"above","DescPosition":"above","UploadField":"custom_1","QuantityFieldStyle":"default"},"css":{"LeftLabelWidth":"120px"}},"formulas":[],"lookuptables":[],"clones":false,"cartKey":false}},"_links":{"self":[{"href":"https:\/\/dlangbasketball.ch\/fr\/wp-json\/wp\/v2\/product\/12714","targetHints":{"allow":["GET"]}}],"collection":[{"href":"https:\/\/dlangbasketball.ch\/fr\/wp-json\/wp\/v2\/product"}],"about":[{"href":"https:\/\/dlangbasketball.ch\/fr\/wp-json\/wp\/v2\/types\/product"}],"wp:featuredmedia":[{"embeddable":true,"href":"https:\/\/dlangbasketball.ch\/fr\/wp-json\/wp\/v2\/media\/6062"}],"wp:attachment":[{"href":"https:\/\/dlangbasketball.ch\/fr\/wp-json\/wp\/v2\/media?parent=12714"}],"wp:term":[{"taxonomy":"product_brand","embeddable":true,"href":"https:\/\/dlangbasketball.ch\/fr\/wp-json\/wp\/v2\/product_brand?post=12714"},{"taxonomy":"product_cat","embeddable":true,"href":"https:\/\/dlangbasketball.ch\/fr\/wp-json\/wp\/v2\/product_cat?post=12714"},{"taxonomy":"product_tag","embeddable":true,"href":"https:\/\/dlangbasketball.ch\/fr\/wp-json\/wp\/v2\/product_tag?post=12714"}],"curies":[{"name":"wp","href":"https:\/\/api.w.org\/{rel}","templated":true}]}}