{"id":12711,"date":"2025-04-01T00:15:12","date_gmt":"2025-03-31T23:15:12","guid":{"rendered":"https:\/\/dlangbasketball.ch\/product\/programme-de-preparation-estivale-internationale-dlang\/"},"modified":"2026-04-14T09:52:58","modified_gmt":"2026-04-14T08:52:58","slug":"programme-de-preparation-estivale-internationale-dlang","status":"publish","type":"product","link":"https:\/\/dlangbasketball.ch\/fr\/product\/programme-de-preparation-estivale-internationale-dlang\/","title":{"rendered":"Camp d&rsquo;\u00e9t\u00e9 \u00e0 Las Vegas"},"content":{"rendered":"","protected":false},"excerpt":{"rendered":"","protected":false},"featured_media":18402,"template":"","meta":{"ngg_post_thumbnail":0},"product_brand":[],"product_cat":[156],"product_tag":[215],"class_list":{"0":"post-12711","1":"product","2":"type-product","3":"status-publish","4":"has-post-thumbnail","6":"product_cat-non-categorise","7":"product_tag-camp-fr","8":"wcpa_has_options","10":"first","11":"instock","12":"virtual","13":"taxable","14":"purchasable","15":"product-type-simple"},"wcpa_form_fields":{"wcpaData":{"product":{"product_price":3850,"price_html":"<span class=\"woocommerce-Price-amount amount\"><bdi><span class=\"woocommerce-Price-currencySymbol\">&#67;&#72;&#70;<\/span>&nbsp;3'850.00<\/bdi><\/span>","original_product_price":3850,"price_including_tax":3850,"price_excluding_tax":3850,"product_id":{"parent":12711,"variation":false},"is_variable":false,"stock_status":"instock","stock_quantity":null,"parent_sku":"","product_attributes":[],"custom_fields":[],"is_taxable":true,"product_name":"Camp d'\u00e9t\u00e9 \u00e0 Las Vegas","hasImage":false},"fields":{"sec_106844ca089de3f":{"extra":{"key":"sec_106844ca089de3f","section_id":"sec_106844ca089de3f","name":"Default","status":1,"toggle":true,"form_id":12676,"form_rules":{"exclude_from_discount":false,"fee_label":"Fee","disp_hide_options_price":false,"disp_show_section_price":false,"disp_show_field_price":true,"layout_option":"standard","pric_use_as_fee":false,"process_fee_as":"woo_fee"},"layout_option":"standard"},"fields":[[{"active":true,"col":6,"relations":false,"cl_rule":"show","enableCl":false,"price":"","enablePrice":true,"className":"","type":"select","required":true,"elementId":"select_56844ca089de58","label":"Camp Price","name":"select_56844ca089de58","values":[{"label":"Full payment - 12 days","value":"1","selected":false,"tempId":"aco_134","price":"3855","gt_translate_keys":["label"]},{"label":"Full payment - 19 days","value":"2","selected":false,"tempId":"aco_135","price":"5850","gt_translate_keys":["label"]},{"label":"Deposit 12 days camp (3 Equal Installments Will be Charged in the next 3 months)","value":"3","selected":false,"tempId":"aco_57","price":"1285","gt_translate_keys":["label"]},{"label":"Deposit 19 days camp (3 Equal Installments Will be Charged in the next 3 months)","value":"4","selected":false,"tempId":"aco_67","price":"1950","gt_translate_keys":["label"]}],"error":false,"dropdown_type":"basic","priceOptions":"different_for_all","pricingType":"fixed","isWeightTemplate":false,"isTemplate":false,"min_quantity":"1","quantity_decimal":false,"quantity_step":"1","quantity_label":"Quantity","repeater_field_label":"{field_label}","repeater_bind":"","gt_translate_keys":["label","repeater_field_label","quantity_label"],"price_dependency":false,"cl_dependency":false,"value":""}],[{"active":true,"col":6,"relations":false,"cl_rule":"show","enableCl":false,"price":"","enablePrice":false,"className":"","label_position":"default","desc_position":"default","type":"select","required":true,"elementId":"select_8860692365","label":"Preferred Airport to depart","name":"select_8860692365","values":[{"label":"Geneva Airport","value":"Geneva Airport","selected":false,"tempId":"aco_400","gt_translate_keys":["label"]},{"label":"Zurich Airport","value":"Zurich Airport","selected":false,"tempId":"aco_401","gt_translate_keys":["label"]}],"dropdown_type":"basic","error":false,"gt_translate_keys":["label"],"price_dependency":false,"cl_dependency":false,"value":""}],[{"active":true,"col":3,"relations":false,"cl_rule":"show","enableCl":false,"price":"","enablePrice":false,"className":"","type":"text","subtype":"text","required":true,"elementId":"text_56844ca089de69","label":"First Name","name":"text_56844ca089de69","value":"","error":false,"gt_translate_keys":["label","value"],"price_dependency":false,"cl_dependency":false},{"label":"Last Name","active":true,"required":true,"elementId":"text_06844ca089de6e","value":"","name":"text_06844ca089de6e","className":"","enableCl":false,"relations":false,"subtype":"text","cl_rule":"show","col":3,"type":"text","error":false,"gt_translate_keys":["label","value"],"price_dependency":false,"cl_dependency":false}],[{"active":true,"col":3,"relations":false,"cl_rule":"show","enableCl":false,"price":"","enablePrice":false,"className":"","type":"email","required":true,"elementId":"email_66844ca089de74","label":"Email","name":"email_66844ca089de74","value":"","error":false,"gt_translate_keys":["label","value"],"price_dependency":false,"cl_dependency":false},{"active":true,"col":3,"relations":false,"cl_rule":"show","enableCl":false,"price":"","enablePrice":false,"className":"","type":"select","required":false,"elementId":"select_46844ca089de79","label":"Gender","name":"select_46844ca089de79","values":[{"label":"Male","value":"Male","selected":false,"tempId":"aco_573","gt_translate_keys":["label"]},{"label":"Female","value":"Female","selected":false,"tempId":"aco_574","gt_translate_keys":["label"]}],"error":false,"dropdown_type":"basic","gt_translate_keys":["label"],"price_dependency":false,"cl_dependency":false,"value":""}],[{"label":"Shirt Size","active":true,"required":false,"elementId":"select-8967292457","dropdown_type":"basic","name":"select-8967292457","enablePrice":false,"className":"","enableCl":false,"relations":false,"values":[{"label":"Child Small","value":"Child Small","selected":false,"tempId":"aco_573","gt_translate_keys":["label"]},{"label":"Child Medium","value":"Child Medium","selected":false,"tempId":"aco_574","gt_translate_keys":["label"]},{"label":"Child Large","value":"Child Large","selected":false,"tempId":"aco_645","gt_translate_keys":["label"]},{"label":"Small","value":"Small","selected":false,"tempId":"aco_673","gt_translate_keys":["label"]},{"label":"Medium","value":"Medium","selected":false,"tempId":"aco_701","gt_translate_keys":["label"]},{"label":"Large","value":"Large","selected":false,"tempId":"aco_729","gt_translate_keys":["label"]}],"price":"","cl_rule":"show","col":3,"type":"select","error":false,"gt_translate_keys":["label"],"price_dependency":false,"cl_dependency":false,"value":""},{"active":true,"col":3,"relations":false,"cl_rule":"show","enableCl":false,"price":"","enablePrice":false,"className":"","label_position":"default","desc_position":"default","type":"date","required":true,"elementId":"date_9064104767","name":"date_9064104767","label":"Birthdate","picker_type":"custom","picker_mode":"single","error":false,"gt_translate_keys":["label"],"price_dependency":false,"cl_dependency":false,"value":""}],[{"active":true,"col":3,"relations":false,"cl_rule":"show","enableCl":false,"price":"","enablePrice":false,"className":"","label_position":"default","desc_position":"default","type":"text","subtype":"text","required":false,"elementId":"text_1512861297","label":"School\/Club","name":"text_1512861297","value":"","error":false,"gt_translate_keys":["label","value"],"price_dependency":false,"cl_dependency":false},{"label":"Position","active":true,"required":false,"elementId":"text-1679191338","value":"","name":"text-1679191338","label_position":"default","desc_position":"default","enablePrice":false,"className":"","enableCl":false,"relations":false,"subtype":"text","price":"","cl_rule":"show","col":3,"type":"text","error":false,"gt_translate_keys":["label","value"],"price_dependency":false,"cl_dependency":false}],[{"label":"Height","active":true,"required":false,"elementId":"text-1768041419","value":"","name":"text-1768041419","label_position":"default","desc_position":"default","enablePrice":false,"className":"","enableCl":false,"relations":false,"subtype":"text","price":"","cl_rule":"show","col":3,"type":"text","error":false,"gt_translate_keys":["label","value"],"price_dependency":false,"cl_dependency":false},{"active":true,"col":3,"relations":false,"cl_rule":"show","enableCl":false,"price":"","enablePrice":false,"className":"","label_position":"default","desc_position":"default","type":"select","required":false,"elementId":"select_1946691484","label":"Level","name":"select_1946691484","values":[{"label":"Beginner","value":"Beginner","selected":false,"tempId":"aco_1673","gt_translate_keys":["label"]},{"label":"Intermediate","value":"Intermediate","selected":false,"tempId":"aco_1674","gt_translate_keys":["label"]},{"label":"Advanced","value":"Advanced","selected":false,"tempId":"aco_1675","gt_translate_keys":["label"]},{"label":"Competitive","value":"Competitive","selected":false,"tempId":"aco_1739","gt_translate_keys":["label"]}],"dropdown_type":"basic","error":false,"gt_translate_keys":["label"],"price_dependency":false,"cl_dependency":false,"value":""}],[{"active":true,"col":6,"relations":false,"cl_rule":"show","enableCl":false,"price":"","enablePrice":false,"className":"","label_position":"default","desc_position":"default","type":"text","subtype":"text","required":false,"elementId":"text_2809011758","label":"Comments (Dates allergies etc)","name":"text_2809011758","value":"","error":false,"gt_translate_keys":["label","value"],"price_dependency":false,"cl_dependency":false}],[{"active":true,"col":6,"relations":false,"cl_rule":"show","enableCl":false,"price":"","enablePrice":false,"className":"","label_position":"default","desc_position":"default","type":"content","required":false,"elementId":"content_2406396479","label":"","name":"content_2406396479","contentType":"plain","value":"Please Read <b><a href=\"https:\/\/dlangbasketball.ch\/wp-content\/uploads\/2025\/06\/Cancelation-form-at-Dlang-Training-Academy-Camps.pdf\">Cancellation Policy<\/a><\/b>","error":false,"gt_translate_keys":["label","value"],"price_dependency":false,"cl_dependency":false}]]}},"config":{"price_override":"always","enable_recaptcha":false,"bind_quantity":false,"quantity_bind_formula":false,"disp_summ_show_option_price":true,"disp_summ_show_product_price":true,"disp_summ_show_total_price":true,"disp_summ_show_fee":false,"disp_summ_show_discount":false,"summary_title":"","options_total_label":"Options Price","total_label":"Total","options_product_label":"Product Price","fee_label":"Fee","discount_label":"Discount","has_price":true,"has_quantity_formula":false},"mc_unit":1,"tax_rate":1,"tax_rate_real":0,"discount":{"percentage":0,"fixed":0},"design":{"conf":{"LabelPosition":"above","DescPosition":"above","UploadField":"custom_1","QuantityFieldStyle":"default"},"css":{"LeftLabelWidth":"120px"}},"formulas":[],"lookuptables":[],"clones":false,"cartKey":false}},"_links":{"self":[{"href":"https:\/\/dlangbasketball.ch\/fr\/wp-json\/wp\/v2\/product\/12711","targetHints":{"allow":["GET"]}}],"collection":[{"href":"https:\/\/dlangbasketball.ch\/fr\/wp-json\/wp\/v2\/product"}],"about":[{"href":"https:\/\/dlangbasketball.ch\/fr\/wp-json\/wp\/v2\/types\/product"}],"wp:featuredmedia":[{"embeddable":true,"href":"https:\/\/dlangbasketball.ch\/fr\/wp-json\/wp\/v2\/media\/18402"}],"wp:attachment":[{"href":"https:\/\/dlangbasketball.ch\/fr\/wp-json\/wp\/v2\/media?parent=12711"}],"wp:term":[{"taxonomy":"product_brand","embeddable":true,"href":"https:\/\/dlangbasketball.ch\/fr\/wp-json\/wp\/v2\/product_brand?post=12711"},{"taxonomy":"product_cat","embeddable":true,"href":"https:\/\/dlangbasketball.ch\/fr\/wp-json\/wp\/v2\/product_cat?post=12711"},{"taxonomy":"product_tag","embeddable":true,"href":"https:\/\/dlangbasketball.ch\/fr\/wp-json\/wp\/v2\/product_tag?post=12711"}],"curies":[{"name":"wp","href":"https:\/\/api.w.org\/{rel}","templated":true}]}}