{"id":12708,"date":"2025-04-01T00:15:12","date_gmt":"2025-03-31T23:15:12","guid":{"rendered":"https:\/\/dlangbasketball.ch\/product\/camp-de-rentree-scolaire\/"},"modified":"2025-04-01T00:15:12","modified_gmt":"2025-03-31T23:15:12","slug":"camp-de-rentree-scolaire","status":"publish","type":"product","link":"https:\/\/dlangbasketball.ch\/fr\/product\/camp-de-rentree-scolaire\/","title":{"rendered":"CAMP DE RENTR\u00c9E SCOLAIRE"},"content":{"rendered":"","protected":false},"excerpt":{"rendered":"<p><strong><span style=\"color: #a6a6a6;\">Inscription au camp de basketball local. Nous nous concentrons sur le d\u00e9veloppement des joueurs, en mettant l&rsquo;accent sur l&rsquo;apprentissage, la stimulation mentale et le d\u00e9veloppement physique tout en faisant \u00e9voluer les bases fondamentales. <\/span><\/strong><\/p>\n","protected":false},"featured_media":6062,"template":"","meta":{"ngg_post_thumbnail":0},"product_brand":[],"product_cat":[153],"product_tag":[],"class_list":{"0":"post-12708","1":"product","2":"type-product","3":"status-publish","4":"has-post-thumbnail","6":"product_cat-camps-fr","7":"wcpa_has_options","9":"first","10":"instock","11":"virtual","12":"sold-individually","13":"taxable","14":"purchasable","15":"product-type-simple"},"wcpa_form_fields":{"wcpaData":{"product":{"product_price":50,"price_html":"<span class=\"woocommerce-Price-amount amount\"><bdi><span class=\"woocommerce-Price-currencySymbol\">&#67;&#72;&#70;<\/span>&nbsp;50.00<\/bdi><\/span>","original_product_price":50,"price_including_tax":50,"price_excluding_tax":50,"product_id":{"parent":12708,"variation":false},"is_variable":false,"stock_status":"instock","stock_quantity":null,"parent_sku":"","product_attributes":[],"custom_fields":[],"is_taxable":true,"product_name":"CAMP DE RENTR\u00c9E SCOLAIRE","hasImage":false},"fields":{"sec_867f852b91bb5c":{"extra":{"key":"sec_867f852b91bb5c","section_id":"sec_867f852b91bb5c","name":"Default","status":1,"toggle":true,"form_id":12458,"form_rules":{"exclude_from_discount":false,"fee_label":"Fee","disp_hide_options_price":false,"disp_show_section_price":false,"disp_show_field_price":true,"layout_option":"standard","pric_use_as_fee":false,"process_fee_as":"woo_fee"},"layout_option":"standard"},"fields":[[{"active":true,"col":6,"relations":false,"cl_rule":"show","enableCl":false,"price":"","enablePrice":false,"className":"","type":"select","required":true,"elementId":"select_167f852b91bb6f","label":"Stay Time","name":"select_167f852b91bb6f","values":[{"label":"DAY","value":"day","selected":false,"tempId":"aco_107","gt_translate_keys":["label"]},{"label":"OVERNIGHT","value":"Overnight","selected":false,"tempId":"aco_108","gt_translate_keys":["label"]}],"error":false,"dropdown_type":"basic","priceOptions":"different_for_all","pricingType":"fixed","gt_translate_keys":["label"],"price_dependency":false,"cl_dependency":["select_067f852b91bb7a","select_867f852b91bb81"],"value":""}],[{"label":"DAY","active":true,"required":true,"elementId":"select_067f852b91bb7a","placeholder":"","name":"select_067f852b91bb7a","className":"","enableCl":true,"relations":[{"operator":false,"rules":[{"operator":"AND","rules":{"cl_field":"select_167f852b91bb6f","cl_relation":"is","cl_val":"day"}}]}],"values":[{"label":"2 Days","value":"2-Days","selected":false,"tempId":"aco_107","price":"300","gt_translate_keys":["label"]},{"label":"3 Days","value":"3-Days","selected":false,"tempId":"aco_108","price":"350","gt_translate_keys":["label"]},{"label":"4 Days","value":"4-Days","selected":false,"tempId":"aco_19","price":"450","gt_translate_keys":["label"]},{"label":"5 Days","value":"5-Days","selected":false,"tempId":"aco_26","price":"550","gt_translate_keys":["label"]}],"cl_rule":"show","col":6,"type":"select","error":false,"enablePrice":true,"priceOptions":"different_for_all","pricingType":"fixed","isWeightTemplate":false,"isTemplate":false,"min_quantity":"1","quantity_decimal":false,"quantity_step":"1","quantity_label":"Quantity","repeater_field_label":"{field_label}","repeater_bind":"","dropdown_type":"basic","gt_translate_keys":["label","placeholder","repeater_field_label","quantity_label"],"price_dependency":false,"cl_dependency":false,"value":""}],[{"label":"OVERNIGHT","active":true,"required":true,"elementId":"select_867f852b91bb81","placeholder":"","name":"select_867f852b91bb81","className":"","enableCl":true,"relations":[{"operator":false,"rules":[{"operator":"AND","rules":{"cl_field":"select_167f852b91bb6f","cl_relation":"is","cl_val":"Overnight"}}]}],"values":[{"label":"2 Days","value":"2-Days","selected":false,"tempId":"aco_107","price":"400","gt_translate_keys":["label"]},{"label":"3 Days","value":"3-Days","selected":false,"tempId":"aco_108","price":"600","gt_translate_keys":["label"]},{"label":"4 Days","value":"4-Days","selected":false,"tempId":"aco_231","price":"800","gt_translate_keys":["label"]},{"label":"5 Days","value":"5-Days","selected":false,"tempId":"aco_310","price":"999","gt_translate_keys":["label"]}],"cl_rule":"show","col":6,"type":"select","error":false,"enablePrice":true,"priceOptions":"different_for_all","pricingType":"fixed","gt_translate_keys":["label","placeholder"],"price_dependency":false,"cl_dependency":false,"value":""}],[{"active":true,"col":3,"relations":false,"cl_rule":"show","enableCl":false,"price":"","enablePrice":false,"className":"","type":"text","subtype":"text","required":true,"elementId":"text_867f852b91bb88","label":"First Name","name":"text_867f852b91bb88","value":"","error":false,"gt_translate_keys":["label","value"],"price_dependency":false,"cl_dependency":false},{"label":"Last Name","active":true,"required":true,"elementId":"text_467f852b91bb8f","value":"","name":"text_467f852b91bb8f","className":"","enableCl":false,"relations":false,"subtype":"text","cl_rule":"show","col":3,"type":"text","error":false,"gt_translate_keys":["label","value"],"price_dependency":false,"cl_dependency":false}],[{"active":true,"col":3,"relations":false,"cl_rule":"show","enableCl":false,"price":"","enablePrice":false,"className":"","type":"email","required":true,"elementId":"email_467f852b91bb95","label":"Email","name":"email_467f852b91bb95","value":"","error":false,"gt_translate_keys":["label","value"],"price_dependency":false,"cl_dependency":false},{"label":"AVS Number","active":true,"required":false,"elementId":"text_267f852b91bb9b","value":"","name":"text_267f852b91bb9b","className":"","enableCl":false,"relations":false,"subtype":"text","cl_rule":"show","col":3,"type":"text","error":false,"tooltip":"Please provide the participant's AVS number as it is needed for support from Jeunesse and Sport","gt_translate_keys":["label","value","tooltip"],"price_dependency":false,"cl_dependency":false}],[{"active":true,"col":3,"relations":false,"cl_rule":"show","enableCl":false,"price":"","enablePrice":false,"className":"","type":"select","required":false,"elementId":"select_267f852b91bba2","label":"Gender","name":"select_267f852b91bba2","values":[{"label":"Male","value":"Male","selected":false,"tempId":"aco_395","gt_translate_keys":["label"]},{"label":"Female","value":"Female","selected":false,"tempId":"aco_1231","gt_translate_keys":["label"]}],"error":false,"gt_translate_keys":["label"],"price_dependency":false,"cl_dependency":false,"value":""},{"label":"Shirt Size","active":true,"required":false,"elementId":"select_167f852b91bba8","name":"select_167f852b91bba8","className":"","enableCl":false,"relations":false,"values":[{"label":"Child Small","value":"Child Small","selected":false,"tempId":"aco_1231","gt_translate_keys":["label"]},{"label":"Child Medium","value":"Child Medium","selected":false,"tempId":"aco_1232","gt_translate_keys":["label"]},{"label":"Child Large","value":"Child Large","selected":false,"tempId":"aco_1233","gt_translate_keys":["label"]},{"label":"Small","value":"Small","selected":false,"tempId":"aco_1684","gt_translate_keys":["label"]},{"label":"Medium","value":"Medium","selected":false,"tempId":"aco_1691","gt_translate_keys":["label"]},{"label":"Large","value":"Large","selected":false,"tempId":"aco_1698","gt_translate_keys":["label"]}],"cl_rule":"show","col":3,"type":"select","error":false,"gt_translate_keys":["label"],"price_dependency":false,"cl_dependency":false,"value":""}],[{"active":true,"col":3,"relations":false,"cl_rule":"show","enableCl":false,"price":"","enablePrice":false,"className":"","type":"date","required":true,"elementId":"date_1067f852b91bbad","name":"date_1067f852b91bbad","label":"Birthdate","picker_type":"custom","picker_mode":"single","error":false,"gt_translate_keys":["label"],"price_dependency":false,"cl_dependency":false,"value":""},{"active":true,"col":3,"relations":false,"cl_rule":"show","enableCl":false,"price":"","enablePrice":false,"className":"","type":"text","subtype":"text","required":false,"elementId":"text_367f852b91bbb4","label":"School\/Club","name":"text_367f852b91bbb4","value":"","error":false,"gt_translate_keys":["label","value"],"price_dependency":false,"cl_dependency":false}],[{"active":true,"col":6,"relations":false,"cl_rule":"show","enableCl":false,"price":"","enablePrice":false,"className":"","type":"select","required":false,"elementId":"select_267f852b91bbba","label":"Level","name":"select_267f852b91bbba","values":[{"label":"Beginner","value":"Beginner","selected":false,"tempId":"aco_2074","gt_translate_keys":["label"]},{"label":"Intermediate","value":"Intermediate","selected":false,"tempId":"aco_2075","gt_translate_keys":["label"]},{"label":"Advanced","value":"Advanced","selected":false,"tempId":"aco_2076","gt_translate_keys":["label"]},{"label":"Competitive","value":"Competitive","selected":false,"tempId":"aco_2137","gt_translate_keys":["label"]}],"error":false,"gt_translate_keys":["label"],"price_dependency":false,"cl_dependency":false,"value":""}],[{"active":true,"col":6,"relations":false,"cl_rule":"show","enableCl":false,"price":"","enablePrice":false,"className":"","type":"textarea","required":false,"elementId":"textarea_567f852b91bbc1","label":"Comments (Dates allergies etc)","name":"textarea_567f852b91bbc1","value":"","rows":2,"error":false,"gt_translate_keys":["label","value"],"price_dependency":false,"cl_dependency":false}],[{"active":true,"col":6,"relations":false,"cl_rule":"show","enableCl":false,"price":"","enablePrice":false,"className":"","type":"content","required":false,"elementId":"content_1067f852b91bbc8","label":"","name":"content_1067f852b91bbc8","contentType":"plain","value":"Please Read <b><a href=\"https:\/\/dlangbasketball.ch\/wp-content\/uploads\/2025\/06\/Cancelation-form-at-Dlang-Training-Academy-Camps.pdf\">Cancellation Policy<\/a><\/b>","error":false,"subtype":"p","gt_translate_keys":["label","value"],"price_dependency":false,"cl_dependency":false}]]}},"config":{"price_override":"always","enable_recaptcha":false,"bind_quantity":false,"quantity_bind_formula":false,"disp_summ_show_option_price":true,"disp_summ_show_product_price":true,"disp_summ_show_total_price":true,"disp_summ_show_fee":false,"disp_summ_show_discount":false,"summary_title":"","options_total_label":"Options Price","total_label":"Total","options_product_label":"Product Price","fee_label":"Fee","discount_label":"Discount","has_price":true,"has_quantity_formula":false},"mc_unit":1,"tax_rate":1,"tax_rate_real":0,"discount":{"percentage":0,"fixed":0},"design":{"conf":{"LabelPosition":"above","DescPosition":"above","UploadField":"custom_1","QuantityFieldStyle":"default"},"css":{"LeftLabelWidth":"120px"}},"formulas":[],"lookuptables":[],"clones":false,"cartKey":false}},"_links":{"self":[{"href":"https:\/\/dlangbasketball.ch\/fr\/wp-json\/wp\/v2\/product\/12708","targetHints":{"allow":["GET"]}}],"collection":[{"href":"https:\/\/dlangbasketball.ch\/fr\/wp-json\/wp\/v2\/product"}],"about":[{"href":"https:\/\/dlangbasketball.ch\/fr\/wp-json\/wp\/v2\/types\/product"}],"wp:featuredmedia":[{"embeddable":true,"href":"https:\/\/dlangbasketball.ch\/fr\/wp-json\/wp\/v2\/media\/6062"}],"wp:attachment":[{"href":"https:\/\/dlangbasketball.ch\/fr\/wp-json\/wp\/v2\/media?parent=12708"}],"wp:term":[{"taxonomy":"product_brand","embeddable":true,"href":"https:\/\/dlangbasketball.ch\/fr\/wp-json\/wp\/v2\/product_brand?post=12708"},{"taxonomy":"product_cat","embeddable":true,"href":"https:\/\/dlangbasketball.ch\/fr\/wp-json\/wp\/v2\/product_cat?post=12708"},{"taxonomy":"product_tag","embeddable":true,"href":"https:\/\/dlangbasketball.ch\/fr\/wp-json\/wp\/v2\/product_tag?post=12708"}],"curies":[{"name":"wp","href":"https:\/\/api.w.org\/{rel}","templated":true}]}}