{"id":12706,"date":"2025-04-01T00:14:46","date_gmt":"2025-03-31T23:14:46","guid":{"rendered":"https:\/\/dlangbasketball.ch\/product\/summer-camp-mini-jam-ladies-only\/"},"modified":"2025-04-01T00:14:46","modified_gmt":"2025-03-31T23:14:46","slug":"summer-camp-mini-jam-ladies-only","status":"publish","type":"product","link":"https:\/\/dlangbasketball.ch\/fr\/product\/summer-camp-mini-jam-ladies-only\/","title":{"rendered":"SUMMER CAMP MINI JAM LADIES ONLY"},"content":{"rendered":"<p>Petit camp de basketball pour jeunes filles uniquement.<\/p>\n<p>Inscription au camp de basketball ax\u00e9e sur le d\u00e9veloppement sp\u00e9cifique des joueurs, mettant l&rsquo;accent sur l&rsquo;apprentissage, la stimulation mentale et le d\u00e9veloppement physique tout en faisant \u00e9voluer les bases fondamentales.<\/p>\n","protected":false},"excerpt":{"rendered":"<p><strong><span style=\"color: #a6a6a6;\">Inscription au camp de basket local. Nous nous concentrons sur le d\u00e9veloppement des joueurs, en mettant l&rsquo;accent sur l&rsquo;apprentissage, la stimulation mentale et le d\u00e9veloppement physique tout en faisant \u00e9voluer les bases fondamentales. <\/span><\/strong><\/p>\n","protected":false},"featured_media":6062,"template":"","meta":{"ngg_post_thumbnail":0},"product_brand":[],"product_cat":[153],"product_tag":[],"class_list":{"0":"post-12706","1":"product","2":"type-product","3":"status-publish","4":"has-post-thumbnail","6":"product_cat-camps-fr","8":"first","9":"instock","10":"virtual","11":"taxable","12":"purchasable","13":"product-type-simple"},"wcpa_form_fields":null,"_links":{"self":[{"href":"https:\/\/dlangbasketball.ch\/fr\/wp-json\/wp\/v2\/product\/12706","targetHints":{"allow":["GET"]}}],"collection":[{"href":"https:\/\/dlangbasketball.ch\/fr\/wp-json\/wp\/v2\/product"}],"about":[{"href":"https:\/\/dlangbasketball.ch\/fr\/wp-json\/wp\/v2\/types\/product"}],"wp:featuredmedia":[{"embeddable":true,"href":"https:\/\/dlangbasketball.ch\/fr\/wp-json\/wp\/v2\/media\/6062"}],"wp:attachment":[{"href":"https:\/\/dlangbasketball.ch\/fr\/wp-json\/wp\/v2\/media?parent=12706"}],"wp:term":[{"taxonomy":"product_brand","embeddable":true,"href":"https:\/\/dlangbasketball.ch\/fr\/wp-json\/wp\/v2\/product_brand?post=12706"},{"taxonomy":"product_cat","embeddable":true,"href":"https:\/\/dlangbasketball.ch\/fr\/wp-json\/wp\/v2\/product_cat?post=12706"},{"taxonomy":"product_tag","embeddable":true,"href":"https:\/\/dlangbasketball.ch\/fr\/wp-json\/wp\/v2\/product_tag?post=12706"}],"curies":[{"name":"wp","href":"https:\/\/api.w.org\/{rel}","templated":true}]}}