{"id":12698,"date":"2025-04-01T00:14:45","date_gmt":"2025-03-31T23:14:45","guid":{"rendered":"https:\/\/dlangbasketball.ch\/product\/demonstration-swiss-flyght\/"},"modified":"2026-01-30T10:06:38","modified_gmt":"2026-01-30T09:06:38","slug":"easter-allstar-camp","status":"publish","type":"product","link":"https:\/\/dlangbasketball.ch\/fr\/product\/easter-allstar-camp\/","title":{"rendered":"Easter All Star Camp"},"content":{"rendered":"","protected":false},"excerpt":{"rendered":"<p>Pr\u00e9parez-vous pour une exp\u00e9rience de basket-ball ultime au<strong> Easter\/ All Star Camp !<\/strong> C&rsquo;est votre chance de d\u00e9montrer vos comp\u00e9tences devant les meilleurs entra\u00eeneurs, reconnue pour son engagement \u00e0 former des athl\u00e8tes d&rsquo;\u00e9lite.<\/p>\n<p>La Camp offre une formation de classe mondiale et a fait ses preuves en aidant les joueurs \u00e0 r\u00e9ussir au niveau universitaire et professionnel. Avec des installations ultramodernes et des entra\u00eeneurs ayant une exp\u00e9rience internationale et en NBA, cet \u00e9v\u00e9nement offre l&rsquo;environnement id\u00e9al pour la croissance et l&rsquo;opportunit\u00e9.<\/p>\n","protected":false},"featured_media":6062,"template":"","meta":{"ngg_post_thumbnail":0},"product_brand":[],"product_cat":[153],"product_tag":[],"class_list":{"0":"post-12698","1":"product","2":"type-product","3":"status-publish","4":"has-post-thumbnail","6":"product_cat-camps-fr","7":"wcpa_has_options","9":"first","10":"instock","11":"virtual","12":"sold-individually","13":"taxable","14":"purchasable","15":"product-type-simple"},"wcpa_form_fields":{"wcpaData":{"product":{"product_price":50,"price_html":"<span class=\"woocommerce-Price-amount amount\"><bdi><span class=\"woocommerce-Price-currencySymbol\">&#67;&#72;&#70;<\/span>&nbsp;50.00<\/bdi><\/span>","original_product_price":50,"price_including_tax":50,"price_excluding_tax":50,"product_id":{"parent":12698,"variation":false},"is_variable":false,"stock_status":"instock","stock_quantity":null,"parent_sku":"","product_attributes":[],"custom_fields":[],"is_taxable":true,"product_name":"Easter All Star Camp","hasImage":false},"fields":{"sec_667edc2e0e1d18":{"extra":{"key":"sec_667edc2e0e1d18","section_id":"sec_667edc2e0e1d18","name":"Default","status":1,"toggle":true,"form_id":12671,"form_rules":{"exclude_from_discount":false,"fee_label":"Fee","disp_hide_options_price":false,"disp_show_section_price":false,"disp_show_field_price":true,"layout_option":"standard","pric_use_as_fee":false,"process_fee_as":"woo_fee"},"layout_option":"standard"},"fields":[[{"active":true,"col":6,"relations":false,"cl_rule":"show","enableCl":false,"price":"","enablePrice":true,"className":"","type":"select","required":true,"elementId":"select_6354811301","label":"Stay Time","name":"select_6354811301","values":[{"label":"Full Day - 2 Days","value":"Full Day - 2 Days","selected":false,"tempId":"aco_19","price":"300","gt_translate_keys":["label"]},{"label":"Full Day - 3 Days","value":"Full Day - 3 Days","selected":false,"tempId":"aco_107","price":"350","gt_translate_keys":["label"]},{"label":"Full Day - 4 Days","value":"Full Day - 4 Days","selected":false,"tempId":"aco_91","price":"450","gt_translate_keys":["label"]},{"label":"Full Day - 5 Days","value":"Full Day - 5 Days","selected":false,"tempId":"aco_650","price":"550","gt_translate_keys":["label"]},{"label":"Overnight - 3 days 2 Night","value":"Overnight - 3 days 2 Night","selected":false,"tempId":"aco_108","price":"590","gt_translate_keys":["label"]},{"label":"Overnight - 4 days 3 Night","value":"Overnight - 4 days 3 Night","selected":false,"tempId":"aco_109","price":"790","gt_translate_keys":["label"]},{"label":"Overnight - 5 days 4 Night","value":"Overnight - 5 days 4 Night","selected":false,"tempId":"aco_1344","price":"990","gt_translate_keys":["label"]}],"error":false,"dropdown_type":"basic","priceOptions":"different_for_all","pricingType":"fixed","isWeightTemplate":false,"isTemplate":false,"min_quantity":"1","quantity_decimal":false,"quantity_step":"1","quantity_label":"Quantity","repeater_field_label":"{field_label}","repeater_bind":"","gt_translate_keys":["label","repeater_field_label","quantity_label"],"price_dependency":false,"cl_dependency":false,"value":""}],[{"active":true,"col":3,"relations":false,"cl_rule":"show","enableCl":false,"price":"","enablePrice":false,"className":"","type":"text","subtype":"text","required":true,"elementId":"text_5585894461","label":"First Name","name":"text_5585894461","value":"","error":false,"gt_translate_keys":["label","value"],"price_dependency":false,"cl_dependency":false},{"label":"Last Name","active":true,"required":true,"elementId":"text-5603155554","value":"","name":"text-5603155554","className":"","enableCl":false,"relations":false,"subtype":"text","cl_rule":"show","col":3,"type":"text","error":false,"gt_translate_keys":["label","value"],"price_dependency":false,"cl_dependency":false}],[{"active":true,"col":3,"relations":false,"cl_rule":"show","enableCl":false,"price":"","enablePrice":false,"className":"","type":"email","required":true,"elementId":"email_5634745627","label":"Email","name":"email_5634745627","value":"","error":false,"gt_translate_keys":["label","value"],"price_dependency":false,"cl_dependency":false},{"label":"AVS Number","active":true,"required":false,"elementId":"text-5621602605","value":"","name":"text-5621602605","className":"","enableCl":false,"relations":false,"subtype":"text","cl_rule":"show","col":3,"type":"text","error":false,"gt_translate_keys":["label","value"],"price_dependency":false,"cl_dependency":false}],[{"active":true,"col":3,"relations":false,"cl_rule":"show","enableCl":false,"price":"","enablePrice":false,"className":"","type":"select","required":false,"elementId":"select_8439271161","label":"Gender","name":"select_8439271161","values":[{"label":"Male","value":"Male","selected":false,"tempId":"aco_1231","gt_translate_keys":["label"]},{"label":"Female","value":"Female","selected":false,"tempId":"aco_1232","gt_translate_keys":["label"]},{"label":"Option - 3","value":"Option - 3","selected":false,"tempId":"aco_1233","gt_translate_keys":["label"]}],"error":false,"gt_translate_keys":["label"],"price_dependency":false,"cl_dependency":false,"value":""},{"label":"Shirt Size","active":true,"required":false,"elementId":"select-8845491377","name":"select-8845491377","className":"","enableCl":false,"relations":false,"values":[{"label":"Child Small","value":"Child Small","selected":false,"tempId":"aco_1231","gt_translate_keys":["label"]},{"label":"Child Medium","value":"Child Medium","selected":false,"tempId":"aco_1232","gt_translate_keys":["label"]},{"label":"Child Large","value":"Child Large","selected":false,"tempId":"aco_1233","gt_translate_keys":["label"]},{"label":"Small","value":"Small","selected":false,"tempId":"aco_1684","gt_translate_keys":["label"]},{"label":"Medium","value":"Medium","selected":false,"tempId":"aco_1691","gt_translate_keys":["label"]},{"label":"Large","value":"Large","selected":false,"tempId":"aco_1698","gt_translate_keys":["label"]}],"cl_rule":"show","col":3,"type":"select","error":false,"gt_translate_keys":["label"],"price_dependency":false,"cl_dependency":false,"value":""}],[{"active":true,"col":3,"relations":false,"cl_rule":"show","enableCl":false,"price":"","enablePrice":false,"className":"","type":"date","required":true,"elementId":"date_9791911896","name":"date_9791911896","label":"Birthdate","picker_type":"custom","picker_mode":"single","error":false,"gt_translate_keys":["label"],"price_dependency":false,"cl_dependency":false,"value":""},{"active":true,"col":3,"relations":false,"cl_rule":"show","enableCl":false,"price":"","enablePrice":false,"className":"","type":"text","subtype":"text","required":false,"elementId":"text_0077021993","label":"School\/Club","name":"text_0077021993","value":"","error":false,"gt_translate_keys":["label","value"],"price_dependency":false,"cl_dependency":false}],[{"active":true,"col":6,"relations":false,"cl_rule":"show","enableCl":false,"price":"","enablePrice":false,"className":"","type":"select","required":false,"elementId":"select_0327362022","label":"Level","name":"select_0327362022","values":[{"label":"Beginner","value":"Beginner","selected":false,"tempId":"aco_2074","gt_translate_keys":["label"]},{"label":"Intermediate","value":"Intermediate","selected":false,"tempId":"aco_2075","gt_translate_keys":["label"]},{"label":"Advanced","value":"Advanced","selected":false,"tempId":"aco_2076","gt_translate_keys":["label"]},{"label":"Competitive","value":"Competitive","selected":false,"tempId":"aco_2137","gt_translate_keys":["label"]}],"error":false,"gt_translate_keys":["label"],"price_dependency":false,"cl_dependency":false,"value":""}],[{"active":true,"col":6,"relations":false,"cl_rule":"show","enableCl":false,"price":"","enablePrice":false,"className":"","type":"textarea","required":false,"elementId":"textarea_1148302168","label":"Comments (Dates allergies etc)","name":"textarea_1148302168","value":"","rows":2,"error":false,"gt_translate_keys":["label","value"],"price_dependency":false,"cl_dependency":false}],[{"active":true,"col":6,"relations":false,"cl_rule":"show","enableCl":false,"price":"","enablePrice":false,"className":"","type":"content","required":false,"elementId":"content_2448158252","label":"","name":"content_2448158252","contentType":"plain","value":"Please Read <b><a href=\"https:\/\/dlangbasketball.ch\/wp-content\/uploads\/2025\/06\/Cancelation-form-at-Dlang-Training-Academy-Camps.pdf\">Cancellation Policy<\/a><\/b>","error":false,"subtype":"p","gt_translate_keys":["label","value"],"price_dependency":false,"cl_dependency":false}]]}},"config":{"price_override":"always","enable_recaptcha":false,"bind_quantity":false,"quantity_bind_formula":false,"disp_summ_show_option_price":true,"disp_summ_show_product_price":true,"disp_summ_show_total_price":true,"disp_summ_show_fee":false,"disp_summ_show_discount":false,"summary_title":"","options_total_label":"Options Price","total_label":"Total","options_product_label":"Product Price","fee_label":"Fee","discount_label":"Discount","has_price":true,"has_quantity_formula":false},"mc_unit":1,"tax_rate":1,"tax_rate_real":0,"discount":{"percentage":0,"fixed":0},"design":{"conf":{"LabelPosition":"above","DescPosition":"above","UploadField":"custom_1","QuantityFieldStyle":"default"},"css":{"LeftLabelWidth":"120px"}},"formulas":[],"lookuptables":[],"clones":false,"cartKey":false}},"_links":{"self":[{"href":"https:\/\/dlangbasketball.ch\/fr\/wp-json\/wp\/v2\/product\/12698","targetHints":{"allow":["GET"]}}],"collection":[{"href":"https:\/\/dlangbasketball.ch\/fr\/wp-json\/wp\/v2\/product"}],"about":[{"href":"https:\/\/dlangbasketball.ch\/fr\/wp-json\/wp\/v2\/types\/product"}],"wp:featuredmedia":[{"embeddable":true,"href":"https:\/\/dlangbasketball.ch\/fr\/wp-json\/wp\/v2\/media\/6062"}],"wp:attachment":[{"href":"https:\/\/dlangbasketball.ch\/fr\/wp-json\/wp\/v2\/media?parent=12698"}],"wp:term":[{"taxonomy":"product_brand","embeddable":true,"href":"https:\/\/dlangbasketball.ch\/fr\/wp-json\/wp\/v2\/product_brand?post=12698"},{"taxonomy":"product_cat","embeddable":true,"href":"https:\/\/dlangbasketball.ch\/fr\/wp-json\/wp\/v2\/product_cat?post=12698"},{"taxonomy":"product_tag","embeddable":true,"href":"https:\/\/dlangbasketball.ch\/fr\/wp-json\/wp\/v2\/product_tag?post=12698"}],"curies":[{"name":"wp","href":"https:\/\/api.w.org\/{rel}","templated":true}]}}