{"id":6119,"date":"2025-01-16T07:36:02","date_gmt":"2025-01-16T06:36:02","guid":{"rendered":"https:\/\/dlangbasketball.ch\/panier\/"},"modified":"2025-07-17T17:56:41","modified_gmt":"2025-07-17T16:56:41","slug":"panier","status":"publish","type":"page","link":"https:\/\/dlangbasketball.ch\/fr\/panier\/","title":{"rendered":"Panier"},"content":{"rendered":"\r\n<div data-block-name=\"woocommerce\/cart\" class=\"wp-block-woocommerce-cart alignwide is-loading\">\r\n<div data-block-name=\"woocommerce\/filled-cart-block\" class=\"wp-block-woocommerce-filled-cart-block\">\r\n<div data-block-name=\"woocommerce\/cart-items-block\" class=\"wp-block-woocommerce-cart-items-block\">\r\n<div data-block-name=\"woocommerce\/cart-line-items-block\" class=\"wp-block-woocommerce-cart-line-items-block\">&nbsp;<\/div>\r\n\r\n\r\n\r\n<div data-block-name=\"woocommerce\/cart-cross-sells-block\" class=\"wp-block-woocommerce-cart-cross-sells-block\">&#13;\n<h2 class=\"wp-block-heading has-large-font-size\">Vous pourriez \u00eatre int\u00e9ress\u00e9 par&#8230;<\/h2>&#13;\n\r\n\r\n\r\n<div data-block-name=\"woocommerce\/cart-cross-sells-products-block\" class=\"wp-block-woocommerce-cart-cross-sells-products-block\">&nbsp;<\/div>\r\n<\/div>\r\n<\/div>\r\n\r\n\r\n\r\n<div data-block-name=\"woocommerce\/cart-totals-block\" class=\"wp-block-woocommerce-cart-totals-block\">\r\n<div data-block-name=\"woocommerce\/cart-order-summary-block\" class=\"wp-block-woocommerce-cart-order-summary-block\">\r\n<div data-block-name=\"woocommerce\/cart-order-summary-heading-block\" class=\"wp-block-woocommerce-cart-order-summary-heading-block\">&nbsp;<\/div>\r\n\r\n\r\n\r\n<div data-block-name=\"woocommerce\/cart-order-summary-coupon-form-block\" class=\"wp-block-woocommerce-cart-order-summary-coupon-form-block\">&nbsp;<\/div>\r\n\r\n\r\n\r\n\r\n\r\n\r\n\r\n\r\n\r\n\r\n\r\n\r\n\r\n\r\n\r\n\r\n\r\n\r\n\r\n<div data-block-name=\"woocommerce\/cart-order-summary-totals-block\" class=\"wp-block-woocommerce-cart-order-summary-totals-block\">\n<div data-block-name=\"woocommerce\/cart-order-summary-subtotal-block\" class=\"wp-block-woocommerce-cart-order-summary-subtotal-block\">&nbsp;<\/div>\n<div data-block-name=\"woocommerce\/cart-order-summary-discount-block\" class=\"wp-block-woocommerce-cart-order-summary-discount-block\">&nbsp;<\/div>\n<div data-block-name=\"woocommerce\/cart-order-summary-fee-block\" class=\"wp-block-woocommerce-cart-order-summary-fee-block\">&nbsp;<\/div>\n<div data-block-name=\"woocommerce\/cart-order-summary-shipping-block\" class=\"wp-block-woocommerce-cart-order-summary-shipping-block\">&nbsp;<\/div>\n<div data-block-name=\"woocommerce\/cart-order-summary-taxes-block\" class=\"wp-block-woocommerce-cart-order-summary-taxes-block\">&nbsp;<\/div><\/div>\r\n<\/div>\r\n\r\n\r\n\r\n<div data-block-name=\"woocommerce\/cart-express-payment-block\" data-button-border-radius=\"4\" data-button-height=\"48\" data-show-button-styles=\"false\" data-translated-with-w-p-m-l-t-m=\"1\" class=\"wp-block-woocommerce-cart-express-payment-block\">&nbsp;<\/div>\r\n\r\n\r\n\r\n<div data-block-name=\"woocommerce\/proceed-to-checkout-block\" class=\"wp-block-woocommerce-proceed-to-checkout-block\">&nbsp;<\/div>\r\n\r\n\r\n\r\n<div data-block-name=\"woocommerce\/cart-accepted-payment-methods-block\" class=\"wp-block-woocommerce-cart-accepted-payment-methods-block\">&nbsp;<\/div>\r\n<\/div>\r\n<\/div>\r\n\r\n\r\n\r\n<div data-block-name=\"woocommerce\/empty-cart-block\" class=\"wp-block-woocommerce-empty-cart-block\">&#13;\n<h2 class=\"wp-block-heading has-text-align-center with-empty-cart-icon wc-block-cart__empty-cart__title\">Votre panier est actuellement vide !<\/h2>&#13;\n\r\n\r\n<hr class=\"wp-block-separator has-alpha-channel-opacity is-style-dots\">\r\n\r\n&#13;\n<h2 class=\"wp-block-heading has-text-align-center\">Nouveaut\u00e9s en magasin<\/h2>&#13;\n\r\n\r\n<div data-block-name=\"woocommerce\/product-new\" data-columns=\"4\" data-rows=\"1\" class=\"wc-block-grid wp-block-product-new wp-block-woocommerce-product-new wc-block-product-new has-4-columns\"><ul class=\"wc-block-grid__products\"><li class=\"wc-block-grid__product\">\n\t\t\t\t<a href=\"https:\/\/dlangbasketball.ch\/fr\/product\/camp-de-developpement-des-competences-et-des-techniques-copy\/\" class=\"wc-block-grid__product-link\">\n\t\t\t\t\t\n\t\t\t\t\t<div class=\"wc-block-grid__product-image\"><img loading=\"lazy\" decoding=\"async\" width=\"300\" height=\"300\" src=\"https:\/\/dlangbasketball.ch\/wp-content\/uploads\/2025\/04\/Mini-Camps-300x300.jpg\" class=\"attachment-woocommerce_thumbnail size-woocommerce_thumbnail\" alt=\"Camp XMAS\" srcset=\"https:\/\/dlangbasketball.ch\/wp-content\/uploads\/2025\/04\/Mini-Camps-300x300.jpg 300w, https:\/\/dlangbasketball.ch\/wp-content\/uploads\/2025\/04\/Mini-Camps-160x160.jpg 160w, https:\/\/dlangbasketball.ch\/wp-content\/uploads\/2025\/04\/Mini-Camps-320x320.jpg 320w, https:\/\/dlangbasketball.ch\/wp-content\/uploads\/2025\/04\/Mini-Camps-100x100.jpg 100w\" sizes=\"auto, (max-width: 300px) 100vw, 300px\" \/><\/div>\n\t\t\t\t\t<div class=\"wc-block-grid__product-title\">Camp XMAS<\/div>\n\t\t\t\t<\/a>\n\t\t\t\t<div class=\"wc-block-grid__product-price price\"><span class=\"woocommerce-Price-amount amount\"><span class=\"woocommerce-Price-currencySymbol\">&#067;&#072;&#070;<\/span>&nbsp;50.00<\/span><\/div>\n\t\t\t\t\n\t\t\t\t<div class=\"wp-block-button wc-block-grid__product-add-to-cart\"><a href=\"\/fr\/wp-json\/wp\/v2\/pages\/6119?add-to-cart=14835\" aria-label=\"Ajouter au panier\u00a0: &ldquo;Camp XMAS&rdquo;\" data-quantity=\"1\" data-product_id=\"14835\" data-product_sku=\"\" data-price=\"50\" rel=\"nofollow\" class=\"wp-block-button__link  add_to_cart_button ajax_add_to_cart\">Ajouter au panier<\/a><\/div>\n\t\t\t<\/li><li class=\"wc-block-grid__product\">\n\t\t\t\t<a href=\"https:\/\/dlangbasketball.ch\/fr\/product\/camp-de-rentree-scolaire-copy\/\" class=\"wc-block-grid__product-link\">\n\t\t\t\t\t\n\t\t\t\t\t<div class=\"wc-block-grid__product-image\"><img loading=\"lazy\" decoding=\"async\" width=\"300\" height=\"300\" src=\"https:\/\/dlangbasketball.ch\/wp-content\/uploads\/2025\/04\/Mini-Camps-300x300.jpg\" class=\"attachment-woocommerce_thumbnail size-woocommerce_thumbnail\" alt=\"Camp de d\u00e9veloppement des comp\u00e9tences et des techniques\" srcset=\"https:\/\/dlangbasketball.ch\/wp-content\/uploads\/2025\/04\/Mini-Camps-300x300.jpg 300w, https:\/\/dlangbasketball.ch\/wp-content\/uploads\/2025\/04\/Mini-Camps-160x160.jpg 160w, https:\/\/dlangbasketball.ch\/wp-content\/uploads\/2025\/04\/Mini-Camps-320x320.jpg 320w, https:\/\/dlangbasketball.ch\/wp-content\/uploads\/2025\/04\/Mini-Camps-100x100.jpg 100w\" sizes=\"auto, (max-width: 300px) 100vw, 300px\" \/><\/div>\n\t\t\t\t\t<div class=\"wc-block-grid__product-title\">Camp de d\u00e9veloppement des comp\u00e9tences et des techniques<\/div>\n\t\t\t\t<\/a>\n\t\t\t\t<div class=\"wc-block-grid__product-price price\"><span class=\"woocommerce-Price-amount amount\"><span class=\"woocommerce-Price-currencySymbol\">&#067;&#072;&#070;<\/span>&nbsp;50.00<\/span><\/div>\n\t\t\t\t\n\t\t\t\t<div class=\"wp-block-button wc-block-grid__product-add-to-cart\"><a href=\"\/fr\/wp-json\/wp\/v2\/pages\/6119?add-to-cart=14833\" aria-label=\"Ajouter au panier\u00a0: &ldquo;Camp de d\u00e9veloppement des comp\u00e9tences et des techniques&rdquo;\" data-quantity=\"1\" data-product_id=\"14833\" data-product_sku=\"\" data-price=\"50\" rel=\"nofollow\" class=\"wp-block-button__link  add_to_cart_button ajax_add_to_cart\">Ajouter au panier<\/a><\/div>\n\t\t\t<\/li><li class=\"wc-block-grid__product\">\n\t\t\t\t<a href=\"https:\/\/dlangbasketball.ch\/fr\/product\/camp-de-printemps-filles-uniquement\/\" class=\"wc-block-grid__product-link\">\n\t\t\t\t\t\n\t\t\t\t\t<div class=\"wc-block-grid__product-image\"><img loading=\"lazy\" decoding=\"async\" width=\"300\" height=\"300\" src=\"https:\/\/dlangbasketball.ch\/wp-content\/uploads\/2025\/04\/Mini-Camps-300x300.jpg\" class=\"attachment-woocommerce_thumbnail size-woocommerce_thumbnail\" alt=\"CAMP DE PRINTEMPS - FILLES UNIQUEMENT\" srcset=\"https:\/\/dlangbasketball.ch\/wp-content\/uploads\/2025\/04\/Mini-Camps-300x300.jpg 300w, https:\/\/dlangbasketball.ch\/wp-content\/uploads\/2025\/04\/Mini-Camps-160x160.jpg 160w, https:\/\/dlangbasketball.ch\/wp-content\/uploads\/2025\/04\/Mini-Camps-320x320.jpg 320w, https:\/\/dlangbasketball.ch\/wp-content\/uploads\/2025\/04\/Mini-Camps-100x100.jpg 100w\" sizes=\"auto, (max-width: 300px) 100vw, 300px\" \/><\/div>\n\t\t\t\t\t<div class=\"wc-block-grid__product-title\">CAMP DE PRINTEMPS &#8211; FILLES UNIQUEMENT<\/div>\n\t\t\t\t<\/a>\n\t\t\t\t<div class=\"wc-block-grid__product-price price\"><span class=\"woocommerce-Price-amount amount\"><span class=\"woocommerce-Price-currencySymbol\">&#067;&#072;&#070;<\/span>&nbsp;300.00<\/span><\/div>\n\t\t\t\t\n\t\t\t\t<div class=\"wp-block-button wc-block-grid__product-add-to-cart\"><a href=\"https:\/\/dlangbasketball.ch\/fr\/product\/camp-de-printemps-filles-uniquement\/\" aria-label=\"Ajouter au panier\u00a0: &ldquo;CAMP DE PRINTEMPS - FILLES UNIQUEMENT&rdquo;\" data-quantity=\"1\" data-product_id=\"12714\" data-product_sku=\"\" data-price=\"300\" rel=\"nofollow\" class=\"wp-block-button__link  add_to_cart_button\">S\u00e9lectionner les options<\/a><\/div>\n\t\t\t<\/li><li class=\"wc-block-grid__product\">\n\t\t\t\t<a href=\"https:\/\/dlangbasketball.ch\/fr\/product\/camp-de-vacances-de-paques-2025\/\" class=\"wc-block-grid__product-link\">\n\t\t\t\t\t\n\t\t\t\t\t<div class=\"wc-block-grid__product-image\"><img loading=\"lazy\" decoding=\"async\" width=\"300\" height=\"300\" src=\"https:\/\/dlangbasketball.ch\/wp-content\/uploads\/2025\/04\/Mini-Camps-300x300.jpg\" class=\"attachment-woocommerce_thumbnail size-woocommerce_thumbnail\" alt=\"CAMP DE VACANCES DE P\u00c2QUES 2025\" srcset=\"https:\/\/dlangbasketball.ch\/wp-content\/uploads\/2025\/04\/Mini-Camps-300x300.jpg 300w, https:\/\/dlangbasketball.ch\/wp-content\/uploads\/2025\/04\/Mini-Camps-160x160.jpg 160w, https:\/\/dlangbasketball.ch\/wp-content\/uploads\/2025\/04\/Mini-Camps-320x320.jpg 320w, https:\/\/dlangbasketball.ch\/wp-content\/uploads\/2025\/04\/Mini-Camps-100x100.jpg 100w\" sizes=\"auto, (max-width: 300px) 100vw, 300px\" \/><\/div>\n\t\t\t\t\t<div class=\"wc-block-grid__product-title\">CAMP DE VACANCES DE P\u00c2QUES 2025<\/div>\n\t\t\t\t<\/a>\n\t\t\t\t<div class=\"wc-block-grid__product-price price\"><span class=\"woocommerce-Price-amount amount\"><span class=\"woocommerce-Price-currencySymbol\">&#067;&#072;&#070;<\/span>&nbsp;50.00<\/span><\/div>\n\t\t\t\t\n\t\t\t\t<div class=\"wp-block-button wc-block-grid__product-add-to-cart\"><a href=\"\/fr\/wp-json\/wp\/v2\/pages\/6119?add-to-cart=12713\" aria-label=\"Ajouter au panier\u00a0: &ldquo;CAMP DE VACANCES DE P\u00c2QUES 2025&rdquo;\" data-quantity=\"1\" data-product_id=\"12713\" data-product_sku=\"\" data-price=\"50\" rel=\"nofollow\" class=\"wp-block-button__link  add_to_cart_button ajax_add_to_cart\">Ajouter au panier<\/a><\/div>\n\t\t\t<\/li><\/ul><\/div><\/div>\r\n<\/div>\r\n","protected":false},"excerpt":{"rendered":"","protected":false},"author":1,"featured_media":0,"parent":0,"menu_order":0,"comment_status":"closed","ping_status":"closed","template":"","meta":{"ngg_post_thumbnail":0,"footnotes":""},"class_list":["post-6119","page","type-page","status-publish","hentry"],"_links":{"self":[{"href":"https:\/\/dlangbasketball.ch\/fr\/wp-json\/wp\/v2\/pages\/6119","targetHints":{"allow":["GET"]}}],"collection":[{"href":"https:\/\/dlangbasketball.ch\/fr\/wp-json\/wp\/v2\/pages"}],"about":[{"href":"https:\/\/dlangbasketball.ch\/fr\/wp-json\/wp\/v2\/types\/page"}],"author":[{"embeddable":true,"href":"https:\/\/dlangbasketball.ch\/fr\/wp-json\/wp\/v2\/users\/1"}],"replies":[{"embeddable":true,"href":"https:\/\/dlangbasketball.ch\/fr\/wp-json\/wp\/v2\/comments?post=6119"}],"version-history":[{"count":3,"href":"https:\/\/dlangbasketball.ch\/fr\/wp-json\/wp\/v2\/pages\/6119\/revisions"}],"predecessor-version":[{"id":13634,"href":"https:\/\/dlangbasketball.ch\/fr\/wp-json\/wp\/v2\/pages\/6119\/revisions\/13634"}],"wp:attachment":[{"href":"https:\/\/dlangbasketball.ch\/fr\/wp-json\/wp\/v2\/media?parent=6119"}],"curies":[{"name":"wp","href":"https:\/\/api.w.org\/{rel}","templated":true}]}}